{"id":98,"date":"2013-09-04T12:04:27","date_gmt":"2013-09-04T12:04:27","guid":{"rendered":"http:\/\/baumschule-peters.com\/?page_id=98"},"modified":"2021-08-28T10:15:53","modified_gmt":"2021-08-28T10:15:53","slug":"kontakt","status":"publish","type":"page","link":"https:\/\/baumschule-peters.com\/?page_id=98","title":{"rendered":"Kontakt"},"content":{"rendered":"<p style=\"text-align: center;\"><a href=\"http:\/\/baumschule-peters.com\/wp-content\/uploads\/2013\/09\/logo-neu-3.jpg\"><img loading=\"lazy\" decoding=\"async\" class=\"alignnone size-full wp-image-122\" src=\"http:\/\/baumschule-peters.com\/wp-content\/uploads\/2013\/09\/logo-neu-3.jpg\" alt=\"logo-neu-3\" width=\"402\" height=\"108\" srcset=\"https:\/\/baumschule-peters.com\/wp-content\/uploads\/2013\/09\/logo-neu-3.jpg 402w, https:\/\/baumschule-peters.com\/wp-content\/uploads\/2013\/09\/logo-neu-3-300x80.jpg 300w\" sizes=\"auto, (max-width: 402px) 100vw, 402px\" \/><\/a><\/p>\n<h5 style=\"text-align: center;\"><strong>Betrieb:<\/strong><\/h5>\n<h5 style=\"text-align: center;\">Gelderner Str. 372<br \/>\n47623 Kevelaer<\/h5>\n<h5 style=\"text-align: center;\">eMail:\u00a0info@baumschule-peters.de<\/h5>\n<h5 style=\"text-align: center;\">Betriebsinhaber: Michael Peters<\/h5>\n<h5 style=\"text-align: center;\">Versandleitung: Robert Kersten<\/h5>\n<h5 style=\"text-align: center;\">Bodendeckeranzucht: Claudia Dede<\/h5>\n<h5 style=\"text-align: center;\"><b>\u00a0<\/b><\/h5>\n<h5 style=\"text-align: center;\"><strong>Zentrale:<br \/>\n<\/strong><b>Ursula Brasseler<\/b><\/h5>\n<h5 style=\"text-align: center;\">Verkauf\/LandgardTel.: 0 28 32 \/ 38 39<\/h5>\n<h5 style=\"text-align: center;\">Telefax: 0 28 32 \/ 40 182<\/h5>\n<h5 style=\"text-align: center;\"><strong>Blumengro\u00dfmarkt:<br \/>\n<\/strong>Barbarastra\u00dfe 69<strong><br \/>\n<\/strong>50735 K\u00f6ln-Riehl<\/h5>\n<h5 style=\"text-align: center;\">Tel.: 0221 \/ \u00a0763004<br \/>\nFax: 0221 \/ 7608062<\/h5>\n<h5 style=\"text-align: center;\">Verkauf in K\u00f6ln\/Ansprechpartner<\/h5>\n<h5 style=\"text-align: center;\">Michael Peters und\u00a0Nelson Kuhnh\u00e4user<\/h5>\n<h5 style=\"text-align: center;\"><strong>Blumengro\u00dfmarkt D\u00fcsseldorf<\/strong><\/h5>\n<h5 style=\"text-align: center;\">Ulmenstra\u00dfe 275<br \/>\n40468 D\u00fcsseldorf<\/h5>\n<h5 style=\"text-align: center;\">Tel.: 0211\u00a0\/98435920<\/h5>\n<h5 style=\"text-align: center;\">Fax: 0211\/98435922<\/h5>\n<h5 style=\"text-align: left;\">\u00a0 \u00a0 \u00a0 \u00a0 \u00a0 \u00a0 \u00a0 \u00a0 \u00a0 \u00a0 \u00a0 \u00a0 \u00a0 \u00a0 \u00a0 \u00a0 \u00a0 \u00a0 \u00a0 \u00a0 \u00a0 \u00a0 \u00a0 \u00a0 \u00a0 \u00a0 \u00a0 \u00a0 \u00a0 \u00a0 \u00a0 \u00a0 \u00a0 \u00a0 \u00a0 \u00a0 \u00a0 \u00a0 \u00a0 \u00a0 \u00a0 Verkauf in D\u00fcsseldorf \/ Ansprechpartner<\/h5>\n<h5 style=\"text-align: center;\">Helmut Peters und\u00a0Philipp Brangenberg<\/h5>\n<p style=\"text-align: center;\"><strong>\u00a0<\/strong><\/p>\n<p style=\"text-align: center;\"><a href=\"http:\/\/baumschule-peters.com\/wp-content\/uploads\/2021\/08\/SEY_5211-1-scaled.jpg\"><img loading=\"lazy\" decoding=\"async\" class=\"aligncenter wp-image-1660 size-large\" src=\"http:\/\/baumschule-peters.com\/wp-content\/uploads\/2021\/08\/SEY_5211-1-800x351.jpg\" alt=\"\" width=\"640\" height=\"281\" srcset=\"https:\/\/baumschule-peters.com\/wp-content\/uploads\/2021\/08\/SEY_5211-1-400x175@2x.jpg 800w, https:\/\/baumschule-peters.com\/wp-content\/uploads\/2021\/08\/SEY_5211-1-400x175.jpg 400w, https:\/\/baumschule-peters.com\/wp-content\/uploads\/2021\/08\/SEY_5211-1-1536x674.jpg 1536w, https:\/\/baumschule-peters.com\/wp-content\/uploads\/2021\/08\/SEY_5211-1-2048x898.jpg 2048w, https:\/\/baumschule-peters.com\/wp-content\/uploads\/2021\/08\/SEY_5211-1-800x351@2x.jpg 1600w\" sizes=\"auto, (max-width: 640px) 100vw, 640px\" \/><\/a><\/p>\n","protected":false},"excerpt":{"rendered":"<p>Betrieb: Gelderner Str. 372 47623 Kevelaer eMail:\u00a0info@baumschule-peters.de Betriebsinhaber: Michael Peters Versandleitung: Robert Kersten Bodendeckeranzucht: Claudia Dede \u00a0 Zentrale: Ursula Brasseler Verkauf\/LandgardTel.: 0 28 32 \/ 38 39 Telefax: 0 28 32 \/ 40 182 Blumengro\u00dfmarkt: Barbarastra\u00dfe 69 50735 K\u00f6ln-Riehl Tel.: 0221 \/ \u00a0763004 Fax: 0221 \/ 7608062 Verkauf in K\u00f6ln\/Ansprechpartner Michael Peters und\u00a0Nelson Kuhnh\u00e4user Blumengro\u00dfmarkt [&hellip;]<\/p>\n","protected":false},"author":1,"featured_media":0,"parent":0,"menu_order":5,"comment_status":"closed","ping_status":"closed","template":"","meta":{"footnotes":""},"class_list":["post-98","page","type-page","status-publish","hentry"],"_links":{"self":[{"href":"https:\/\/baumschule-peters.com\/index.php?rest_route=\/wp\/v2\/pages\/98","targetHints":{"allow":["GET"]}}],"collection":[{"href":"https:\/\/baumschule-peters.com\/index.php?rest_route=\/wp\/v2\/pages"}],"about":[{"href":"https:\/\/baumschule-peters.com\/index.php?rest_route=\/wp\/v2\/types\/page"}],"author":[{"embeddable":true,"href":"https:\/\/baumschule-peters.com\/index.php?rest_route=\/wp\/v2\/users\/1"}],"replies":[{"embeddable":true,"href":"https:\/\/baumschule-peters.com\/index.php?rest_route=%2Fwp%2Fv2%2Fcomments&post=98"}],"version-history":[{"count":25,"href":"https:\/\/baumschule-peters.com\/index.php?rest_route=\/wp\/v2\/pages\/98\/revisions"}],"predecessor-version":[{"id":1663,"href":"https:\/\/baumschule-peters.com\/index.php?rest_route=\/wp\/v2\/pages\/98\/revisions\/1663"}],"wp:attachment":[{"href":"https:\/\/baumschule-peters.com\/index.php?rest_route=%2Fwp%2Fv2%2Fmedia&parent=98"}],"curies":[{"name":"wp","href":"https:\/\/api.w.org\/{rel}","templated":true}]}}