{"id":96,"date":"2013-09-04T12:04:04","date_gmt":"2013-09-04T12:04:04","guid":{"rendered":"http:\/\/baumschule-peters.com\/?page_id=96"},"modified":"2015-01-08T11:56:01","modified_gmt":"2015-01-08T11:56:01","slug":"service","status":"publish","type":"page","link":"http:\/\/baumschule-peters.com\/?page_id=96","title":{"rendered":"Service"},"content":{"rendered":"<h4>Ein Rundgang durch unser Unternehmen<\/h4>\n<p>&nbsp;<\/p>\n<h4>Helmut Peters &amp; Sohn legen besonderen Wert auf Premium \u2013 Qualit\u00e4t ihrer Pflanzen. Sie geben ihnen daher viel Raum zur besten Entwicklung. Es wird nachhaltig produziert im geschlossenen Wasserkreislauf mit exakter D\u00fcngerbeigabe und dem gezielten Einsatz von N\u00fctzlingen. Beste interne Logistik spart Zeit und Arbeitskraft, moderner Maschineneinsatz schont das Personal in Spitzenzeiten.<\/h4>\n<p>&nbsp;<\/p>\n<h4>Der Absatz erfolgt \u00fcber den Blumengro\u00dfmarkt K\u00f6ln , Landgard und den Blumengro\u00dfmarkt D\u00fcsseldorf, welcher vom Senior betrieben wird. Kunden sind Garten- und Landschaftsbauer, Gartencenter und Friedhofsg\u00e4rtner.<\/h4>\n<p><img loading=\"lazy\" decoding=\"async\" class=\"alignnone size-full wp-image-147\" src=\"http:\/\/baumschule-peters.com\/wp-content\/uploads\/2013\/09\/service.jpg\" alt=\"service\" width=\"950\" height=\"398\" srcset=\"http:\/\/baumschule-peters.com\/wp-content\/uploads\/2013\/09\/service.jpg 950w, http:\/\/baumschule-peters.com\/wp-content\/uploads\/2013\/09\/service-300x125.jpg 300w, http:\/\/baumschule-peters.com\/wp-content\/uploads\/2013\/09\/service-930x389.jpg 930w\" sizes=\"auto, (max-width: 950px) 100vw, 950px\" \/><\/p>\n","protected":false},"excerpt":{"rendered":"<p>Ein Rundgang durch unser Unternehmen &nbsp; Helmut Peters &amp; Sohn legen besonderen Wert auf Premium \u2013 Qualit\u00e4t ihrer Pflanzen. Sie geben ihnen daher viel Raum zur besten Entwicklung. Es wird nachhaltig produziert im geschlossenen Wasserkreislauf mit exakter D\u00fcngerbeigabe und dem gezielten Einsatz von N\u00fctzlingen. Beste interne Logistik spart Zeit und Arbeitskraft, moderner Maschineneinsatz schont das [&hellip;]<\/p>\n","protected":false},"author":1,"featured_media":0,"parent":0,"menu_order":4,"comment_status":"closed","ping_status":"closed","template":"","meta":{"footnotes":""},"class_list":["post-96","page","type-page","status-publish","hentry"],"_links":{"self":[{"href":"http:\/\/baumschule-peters.com\/index.php?rest_route=\/wp\/v2\/pages\/96","targetHints":{"allow":["GET"]}}],"collection":[{"href":"http:\/\/baumschule-peters.com\/index.php?rest_route=\/wp\/v2\/pages"}],"about":[{"href":"http:\/\/baumschule-peters.com\/index.php?rest_route=\/wp\/v2\/types\/page"}],"author":[{"embeddable":true,"href":"http:\/\/baumschule-peters.com\/index.php?rest_route=\/wp\/v2\/users\/1"}],"replies":[{"embeddable":true,"href":"http:\/\/baumschule-peters.com\/index.php?rest_route=%2Fwp%2Fv2%2Fcomments&post=96"}],"version-history":[{"count":15,"href":"http:\/\/baumschule-peters.com\/index.php?rest_route=\/wp\/v2\/pages\/96\/revisions"}],"predecessor-version":[{"id":551,"href":"http:\/\/baumschule-peters.com\/index.php?rest_route=\/wp\/v2\/pages\/96\/revisions\/551"}],"wp:attachment":[{"href":"http:\/\/baumschule-peters.com\/index.php?rest_route=%2Fwp%2Fv2%2Fmedia&parent=96"}],"curies":[{"name":"wp","href":"https:\/\/api.w.org\/{rel}","templated":true}]}}