{"id":92,"date":"2013-09-04T12:03:05","date_gmt":"2013-09-04T12:03:05","guid":{"rendered":"http:\/\/baumschule-peters.com\/?page_id=92"},"modified":"2018-09-24T06:01:44","modified_gmt":"2018-09-24T06:01:44","slug":"ueber-uns","status":"publish","type":"page","link":"http:\/\/baumschule-peters.com\/?page_id=92","title":{"rendered":"\u00dcber uns"},"content":{"rendered":"<h4>Ein Film \u00fcber unsere Baumschule:<\/h4>\n<p><iframe loading=\"lazy\" src=\"http:\/\/player.vimeo.com\/video\/116178844\" width=\"950\" height=\"535\" frameborder=\"0\" allowfullscreen=\"allowfullscreen\"><\/iframe><\/p>\n<h4><\/h4>\n<h4>Der Betrieb wurde 1978 durch Helmut Peters gegr\u00fcndet und hat heute eine Gr\u00f6\u00dfe von 10 ha Containerfl\u00e4chen im geschlossenen System und ca. 30.000 m\u00b2 Gew\u00e4chshausfl\u00e4chen.<\/h4>\n<h4>Der Absatz erfolgt \u00fcber den Blumengro\u00dfmarkt K\u00f6ln und D\u00fcsseldorf, Landgard und regionale Gro\u00dfh\u00e4ndler. Zu den Kunden geh\u00f6ren Garten- und Landschaftsbauer, Gartencenter und Friedhofsg\u00e4rtner.<\/h4>\n<p>&nbsp;<\/p>\n<h4>Die Hauptkulturen gliedern sich in zwei Produktgruppen. Zum einen werden in beheiztenGew\u00e4chsh\u00e4usern auf modernen Mobiltischen mittels Stutz- und Absetzrobotern ca. 2,3 Mio. Bodendecker im 9er Tb produziert, zum anderen auf 10 ha Freiland-Containerfl\u00e4chen hochwertige Pflanzen im 35 ltr. Topf produziert. Zus\u00e4tzlich wird den Kunden das komplette Baumschulsortiment durch rege Handelst\u00e4tigkeit geboten.<\/h4>\n<p><img loading=\"lazy\" decoding=\"async\" class=\"wp-image-1115 aligncenter\" src=\"http:\/\/baumschule-peters.com\/wp-content\/uploads\/2018\/05\/SEY5968.jpg\" alt=\"\" width=\"1114\" height=\"744\" srcset=\"http:\/\/baumschule-peters.com\/wp-content\/uploads\/2018\/05\/SEY5968.jpg 2000w, http:\/\/baumschule-peters.com\/wp-content\/uploads\/2018\/05\/SEY5968-400x267.jpg 400w, http:\/\/baumschule-peters.com\/wp-content\/uploads\/2018\/05\/SEY5968-800x534.jpg 800w, http:\/\/baumschule-peters.com\/wp-content\/uploads\/2018\/05\/SEY5968-930x621.jpg 930w, http:\/\/baumschule-peters.com\/wp-content\/uploads\/2018\/05\/SEY5968-800x534@2x.jpg 1600w, http:\/\/baumschule-peters.com\/wp-content\/uploads\/2018\/05\/SEY5968-930x621@2x.jpg 1860w\" sizes=\"auto, (max-width: 1114px) 100vw, 1114px\" \/><\/p>\n<p>&nbsp;<\/p>\n","protected":false},"excerpt":{"rendered":"<p>Ein Film \u00fcber unsere Baumschule: Der Betrieb wurde 1978 durch Helmut Peters gegr\u00fcndet und hat heute eine Gr\u00f6\u00dfe von 10 ha Containerfl\u00e4chen im geschlossenen System und ca. 30.000 m\u00b2 Gew\u00e4chshausfl\u00e4chen. Der Absatz erfolgt \u00fcber den Blumengro\u00dfmarkt K\u00f6ln und D\u00fcsseldorf, Landgard und regionale Gro\u00dfh\u00e4ndler. Zu den Kunden geh\u00f6ren Garten- und Landschaftsbauer, Gartencenter und Friedhofsg\u00e4rtner. &nbsp; Die [&hellip;]<\/p>\n","protected":false},"author":1,"featured_media":0,"parent":0,"menu_order":2,"comment_status":"closed","ping_status":"closed","template":"","meta":{"footnotes":""},"class_list":["post-92","page","type-page","status-publish","hentry"],"_links":{"self":[{"href":"http:\/\/baumschule-peters.com\/index.php?rest_route=\/wp\/v2\/pages\/92","targetHints":{"allow":["GET"]}}],"collection":[{"href":"http:\/\/baumschule-peters.com\/index.php?rest_route=\/wp\/v2\/pages"}],"about":[{"href":"http:\/\/baumschule-peters.com\/index.php?rest_route=\/wp\/v2\/types\/page"}],"author":[{"embeddable":true,"href":"http:\/\/baumschule-peters.com\/index.php?rest_route=\/wp\/v2\/users\/1"}],"replies":[{"embeddable":true,"href":"http:\/\/baumschule-peters.com\/index.php?rest_route=%2Fwp%2Fv2%2Fcomments&post=92"}],"version-history":[{"count":15,"href":"http:\/\/baumschule-peters.com\/index.php?rest_route=\/wp\/v2\/pages\/92\/revisions"}],"predecessor-version":[{"id":1117,"href":"http:\/\/baumschule-peters.com\/index.php?rest_route=\/wp\/v2\/pages\/92\/revisions\/1117"}],"wp:attachment":[{"href":"http:\/\/baumschule-peters.com\/index.php?rest_route=%2Fwp%2Fv2%2Fmedia&parent=92"}],"curies":[{"name":"wp","href":"https:\/\/api.w.org\/{rel}","templated":true}]}}