{"id":244,"date":"2013-10-22T10:38:15","date_gmt":"2013-10-22T10:38:15","guid":{"rendered":"http:\/\/baumschule-peters.com\/?page_id=244"},"modified":"2015-04-17T10:36:25","modified_gmt":"2015-04-17T10:36:25","slug":"betreibsuebersicht","status":"publish","type":"page","link":"http:\/\/baumschule-peters.com\/?page_id=244","title":{"rendered":"Betriebs\u00fcbersicht"},"content":{"rendered":"<table class=\"aligncenter\" border=\"1\" width=\"625\" cellspacing=\"0\" cellpadding=\"3\">\n<colgroup>\n<col width=\"125\" \/>\n<col width=\"486\" \/><\/colgroup>\n<tbody>\n<tr valign=\"top\">\n<td width=\"125\">\n<p lang=\"de-DE\"><span style=\"color: #000000;\"><span style=\"font-family: 'Times New Roman', serif;\"><span style=\"font-size: medium;\">Inhaber:<\/span><\/span><\/span><\/p>\n<\/td>\n<td width=\"486\">\n<p lang=\"de-DE\">\u00a0Michael Peters<\/p>\n<\/td>\n<\/tr>\n<tr valign=\"top\">\n<td width=\"125\">\n<p lang=\"de-DE\"><span style=\"color: #000000;\"><span style=\"font-family: 'Times New Roman', serif;\"><span style=\"font-size: medium;\">Gr\u00fcndung:<\/span><\/span><\/span><\/p>\n<\/td>\n<td width=\"486\">\n<p lang=\"de-DE\"><span style=\"color: #000000;\"><span style=\"font-family: 'Times New Roman', serif;\"><span style=\"font-size: medium;\">1978 durch Helmut Peters<\/span><\/span><\/span><\/p>\n<p lang=\"de-DE\"><span style=\"color: #000000;\"><span style=\"font-family: 'Times New Roman', serif;\"><span style=\"font-size: medium;\"> Pacht eines Gartenbaubetriebes mit 1.600 m\u00b2 Hochglas und einer Gesamtfl\u00e4che von 11.500 m\u00b2<\/span><\/span><\/span><\/p>\n<\/td>\n<\/tr>\n<tr valign=\"top\">\n<td width=\"125\">\n<p lang=\"de-DE\"><span style=\"color: #000000;\"><span style=\"font-family: 'Times New Roman', serif;\"><span style=\"font-size: medium;\">Erweiterung:<\/span><\/span><\/span><\/p>\n<\/td>\n<td width=\"486\">\n<p lang=\"de-DE\"><span style=\"color: #000000;\"><span style=\"font-family: 'Times New Roman', serif;\"><span style=\"font-size: medium;\">1979 Kauf des bisherigen Pachtbetriebes und Erwerb einer Zusatzfl\u00e4che von ca. 4.000 m\u00b2 sowie Bau von 3.000 m\u00b2 Filclair-Folientunneln.<\/span><\/span><\/span><\/p>\n<\/td>\n<\/tr>\n<tr valign=\"top\">\n<td width=\"125\"><\/td>\n<td width=\"486\">\n<p lang=\"de-DE\"><span style=\"color: #000000;\"><span style=\"font-family: 'Times New Roman', serif;\"><span style=\"font-size: medium;\">1983 &#8211; 1985 Kauf und Erweiterung um ca. 19.000 m\u00b2<\/span><\/span><\/span><\/p>\n<\/td>\n<\/tr>\n<tr valign=\"top\">\n<td width=\"125\"><\/td>\n<td width=\"486\">\n<p lang=\"de-DE\"><span style=\"color: #000000;\"><span style=\"font-family: 'Times New Roman', serif;\"><span style=\"font-size: medium;\">1985 -1986 Bau und Fertigstellung der Versandhalle mit 1.450 m\u00b2.<\/span><\/span><\/span><\/p>\n<\/td>\n<\/tr>\n<tr valign=\"top\">\n<td width=\"125\"><\/td>\n<td width=\"486\">\n<p lang=\"de-DE\"><span style=\"color: #000000;\"><span style=\"font-family: 'Times New Roman', serif;\"><span style=\"font-size: medium;\">1990 Abbruch der bestehenden Hochglasfl\u00e4che und Neubau von<\/span><\/span><\/span><\/p>\n<p lang=\"de-DE\"><span style=\"color: #000000;\"><span style=\"font-family: 'Times New Roman', serif;\"><span style=\"font-size: medium;\">4.000\u00a0m\u00b2 beheizter Hochglasfl\u00e4che mit Ebbe-Flut-Rolltischen.<\/span><\/span><\/span><\/p>\n<\/td>\n<\/tr>\n<tr valign=\"top\">\n<td width=\"125\"><\/td>\n<td width=\"486\">\n<p lang=\"de-DE\"><span style=\"color: #000000;\"><span style=\"font-family: 'Times New Roman', serif;\"><span style=\"font-size: medium;\">1992 Erweiterung durch Zukauf um 11.000 m\u00b2.<\/span><\/span><\/span><\/p>\n<\/td>\n<\/tr>\n<tr valign=\"top\">\n<td width=\"125\"><\/td>\n<td width=\"486\">\n<p lang=\"de-DE\"><span style=\"color: #000000;\"><span style=\"font-family: 'Times New Roman', serif;\"><span style=\"font-size: medium;\">1995 Bau von zus\u00e4tzlichen 2.000 m\u00b2 Hochglas beheizt.<\/span><\/span><\/span><\/p>\n<\/td>\n<\/tr>\n<tr valign=\"top\">\n<td width=\"125\"><\/td>\n<td width=\"486\">\n<p lang=\"de-DE\"><span style=\"color: #000000;\"><span style=\"font-family: 'Times New Roman', serif;\"><span style=\"font-size: medium;\">1997 Ausr\u00fcstung von 2.400 m\u00b2 mit Mobiltischen und Absetzroboter.<\/span><\/span><\/span><\/p>\n<\/td>\n<\/tr>\n<tr valign=\"top\">\n<td width=\"125\"><\/td>\n<td width=\"486\">\n<p lang=\"de-DE\"><span style=\"color: #000000;\"><span style=\"font-family: 'Times New Roman', serif;\"><span style=\"font-size: medium;\">1997 Abbruch von 3.000 m\u00b2 Filclair- Folientunneln<\/span><\/span><\/span><\/p>\n<\/td>\n<\/tr>\n<tr valign=\"top\">\n<td width=\"125\"><\/td>\n<td width=\"486\">\n<p lang=\"de-DE\"><span style=\"color: #000000;\"><span style=\"font-family: 'Times New Roman', serif;\"><span style=\"font-size: small;\"><span style=\"font-size: medium;\">1997 Neubau von zus\u00e4tzlich 3.600 m\u00b2 Hochglas mit <\/span><span style=\"font-size: medium;\"><span style=\"text-decoration: underline;\">doppelter L\u00fcftung<\/span><\/span><\/span><\/span><\/span><\/p>\n<p lang=\"de-DE\"><span style=\"color: #000000;\"><span style=\"font-family: 'Times New Roman', serif;\"><span style=\"font-size: medium;\">ohne Heizung als \u00dcberwinterungs- und Kulturhaus.<\/span><\/span><\/span><\/p>\n<\/td>\n<\/tr>\n<tr valign=\"top\">\n<td width=\"125\"><\/td>\n<td width=\"486\">\n<p lang=\"de-DE\"><span style=\"color: #000000;\"><span style=\"font-family: 'Times New Roman', serif;\"><span style=\"font-size: medium;\">1997 Erwerb von zus\u00e4tzlich 10.000 m\u00b2 <\/span><\/span><\/span><\/p>\n<\/td>\n<\/tr>\n<tr valign=\"top\">\n<td width=\"125\"><\/td>\n<td width=\"486\">\n<p lang=\"de-DE\"><span style=\"color: #000000;\"><span style=\"font-family: 'Times New Roman', serif;\"><span style=\"font-size: medium;\">1998 Erg\u00e4nzungsneubau von 500 m2 Hochglas mit Rollmobil-Tischen.<\/span><\/span><\/span><\/p>\n<\/td>\n<\/tr>\n<tr valign=\"top\">\n<td width=\"125\"><\/td>\n<td width=\"486\">\n<p lang=\"de-DE\"><span style=\"color: #000000;\"><span style=\"font-family: 'Times New Roman', serif;\"><span style=\"font-size: medium;\">1999 Kauf von 30.000 m\u00b2 Gewerbeland.<\/span><\/span><\/span><\/p>\n<\/td>\n<\/tr>\n<tr valign=\"top\">\n<td width=\"125\"><\/td>\n<td width=\"486\">\n<p lang=\"de-DE\"><span style=\"color: #000000;\"><span style=\"font-family: 'Times New Roman', serif;\"><span style=\"font-size: medium;\">2001 Erwerb des elterlichen Stammbetriebes vom Bruder Gerd <\/span><\/span><\/span><\/p>\n<p lang=\"de-DE\"><span style=\"color: #000000;\"><span style=\"font-family: 'Times New Roman', serif;\"><span style=\"font-size: medium;\">(Gegr\u00fcndet 1925 durch Vater Franz Peters) 6 ha, 3500 m\u00b2 Hochglas<\/span><\/span><\/span><\/p>\n<\/td>\n<\/tr>\n<tr valign=\"top\">\n<td width=\"125\"><\/td>\n<td width=\"486\">\n<p lang=\"de-DE\"><span style=\"color: #000000;\"><span style=\"font-family: 'Times New Roman', serif;\"><span style=\"font-size: medium;\">2004 Neubau von 3.000 m\u00b2 Hochglas zur \u00dcberwinterung und Anzucht<\/span><\/span><\/span><\/p>\n<\/td>\n<\/tr>\n<tr valign=\"top\">\n<td width=\"125\">\n<p lang=\"de-DE\"><span style=\"color: #000000;\"><span style=\"font-family: 'Times New Roman', serif;\"><span style=\"font-size: medium;\">Glasfl\u00e4che:<\/span><\/span><\/span><\/p>\n<\/td>\n<td width=\"486\">\n<p lang=\"de-DE\"><span style=\"color: #000000;\"><span style=\"font-family: 'Times New Roman', serif;\"><span style=\"font-size: small;\"><span style=\"font-size: medium;\">Hochglas 20.000m\u00b2 <\/span><\/span><\/span><\/span><\/p>\n<\/td>\n<\/tr>\n<tr valign=\"top\">\n<td width=\"125\">\n<p lang=\"de-DE\"><span style=\"color: #000000;\"><span style=\"font-family: 'Times New Roman', serif;\"><span style=\"font-size: medium;\">Absatz:<\/span><\/span><\/span><\/p>\n<\/td>\n<td width=\"486\">\n<p lang=\"de-DE\"><span style=\"color: #000000;\"><span style=\"font-family: 'Times New Roman', serif;\"><span style=\"font-size: small;\"><span style=\"font-size: medium;\">Blumengro\u00dfmarkt K\u00f6ln und D\u00fcsseldorf, Vermarkter aus der Region,<\/span><\/span><\/span><\/span><\/p>\n<\/td>\n<\/tr>\n<tr valign=\"top\">\n<td width=\"125\">\n<p lang=\"de-DE\"><span style=\"color: #000000;\"><span style=\"font-family: 'Times New Roman', serif;\"><span style=\"font-size: medium;\">Kunden:<\/span><\/span><\/span><\/p>\n<\/td>\n<td width=\"486\">\n<p lang=\"de-DE\"><span style=\"color: #000000;\"><span style=\"font-family: 'Times New Roman', serif;\"><span style=\"font-size: small;\"><span style=\"font-size: medium;\">Friedhofsg\u00e4rtner &#8211; Gartencenter \u2013 Fachhandelsgesch\u00e4fte, <\/span><\/span><\/span><\/span><\/p>\n<\/td>\n<\/tr>\n<tr valign=\"top\">\n<td width=\"125\">\n<p lang=\"de-DE\"><span style=\"color: #000000;\"><span style=\"font-family: 'Times New Roman', serif;\"><span style=\"font-size: medium;\">Mitarbeiter:<\/span><\/span><\/span><\/p>\n<\/td>\n<td width=\"486\">\n<p lang=\"de-DE\"><span style=\"color: #000000;\"><span style=\"font-family: 'Times New Roman', serif;\"><span style=\"font-size: medium;\">20 Mitarbeiter<\/span><\/span><\/span><\/p>\n<\/td>\n<\/tr>\n<\/tbody>\n<\/table>\n<table class=\"aligncenter\" border=\"1\" width=\"625\" cellspacing=\"0\" cellpadding=\"3\">\n<colgroup>\n<col width=\"125\" \/>\n<col width=\"486\" \/><\/colgroup>\n<tbody>\n<tr valign=\"top\">\n<td width=\"125\">\n<p lang=\"de-DE\"><span style=\"color: #000000;\"><span style=\"font-family: 'Times New Roman', serif;\"><span style=\"font-size: medium;\">Kulturen im Gew\u00e4chsh\u00e4usern:<\/span><\/span><\/span><\/p>\n<\/td>\n<td width=\"486\">\n<p lang=\"de-DE\"><span style=\"color: #000000;\"><span style=\"font-family: 'Times New Roman', serif;\"><span style=\"font-size: small;\"><span style=\"font-size: medium;\">Bodendecker ca. 2.500.000 St\u00fcck wie Cotoneaster i.S., Euonymus i:S. Pachysandra, Vinca Marie (Sortenschutz)<\/span><\/span><\/span><\/span><\/p>\n<\/td>\n<\/tr>\n<tr valign=\"top\">\n<td width=\"125\">\n<p lang=\"de-DE\"><span style=\"color: #000000;\"><span style=\"font-family: 'Times New Roman', serif;\"><span style=\"font-size: medium;\">Container-Kulturen<\/span><\/span><\/span><\/p>\n<\/td>\n<td width=\"486\">\n<p lang=\"de-DE\"><span style=\"color: #000000;\"><span style=\"font-family: 'Times New Roman', serif;\"><span style=\"font-size: small;\"><span style=\"font-size: medium;\">Kirschlorbeer, Bambus, Formgeh\u00f6lze, Immergr\u00fcne im Gro\u00dfcontainer C 15 und C35<\/span><\/span><\/span><\/span><\/p>\n<\/td>\n<\/tr>\n<tr valign=\"top\">\n<td width=\"125\">\n<p lang=\"de-DE\"><span style=\"color: #000000;\"><span style=\"font-family: 'Times New Roman', serif;\"><span style=\"font-size: medium;\">Energie\/Wasser<\/span><\/span><\/span><\/p>\n<\/td>\n<td width=\"486\">\n<p lang=\"de-DE\"><span style=\"color: #000000;\"><span style=\"font-family: 'Times New Roman', serif;\"><span style=\"font-size: medium;\">Erdgas\/\u00d6lheizung 580.000 WE , Wasser aus Brunnen und Speicherung 1000 m\u00b3, Neubau Heizung mit Erdw\u00e4rme f\u00fcr B\u00fcro, Sozial-und Arbeitsr\u00e4ume <\/span><\/span><\/span><\/p>\n<p lang=\"de-DE\"><span style=\"color: #000000;\"><span style=\"font-family: 'Times New Roman', serif;\"><span style=\"font-size: medium;\">(450 m\u00b2) sowie Wohnh\u00e4user. <\/span><\/span><\/span><\/p>\n<\/td>\n<\/tr>\n<tr valign=\"top\">\n<td width=\"125\">\n<p lang=\"de-DE\"><span style=\"color: #000000;\"><span style=\"font-family: 'Times New Roman', serif;\"><span style=\"font-size: medium;\">Bew\u00e4sserung.<\/span><\/span><\/span><\/p>\n<\/td>\n<td width=\"486\">\n<p lang=\"de-DE\"><span style=\"color: #000000;\"><span style=\"font-family: 'Times New Roman', serif;\"><span style=\"font-size: medium;\">Spr\u00fchkopfd\u00fcsen, Tr\u00f6pfchen, Anstau im geschlossenen System, Stellfl\u00e4chen in geschlossenem System.<\/span><\/span><\/span><\/p>\n<\/td>\n<\/tr>\n<\/tbody>\n<\/table>\n","protected":false},"excerpt":{"rendered":"<p>Inhaber: \u00a0Michael Peters Gr\u00fcndung: 1978 durch Helmut Peters Pacht eines Gartenbaubetriebes mit 1.600 m\u00b2 Hochglas und einer Gesamtfl\u00e4che von 11.500 m\u00b2 Erweiterung: 1979 Kauf des bisherigen Pachtbetriebes und Erwerb einer Zusatzfl\u00e4che von ca. 4.000 m\u00b2 sowie Bau von 3.000 m\u00b2 Filclair-Folientunneln. 1983 &#8211; 1985 Kauf und Erweiterung um ca. 19.000 m\u00b2 1985 -1986 Bau und [&hellip;]<\/p>\n","protected":false},"author":1,"featured_media":0,"parent":92,"menu_order":0,"comment_status":"closed","ping_status":"closed","template":"","meta":{"footnotes":""},"class_list":["post-244","page","type-page","status-publish","hentry"],"_links":{"self":[{"href":"http:\/\/baumschule-peters.com\/index.php?rest_route=\/wp\/v2\/pages\/244","targetHints":{"allow":["GET"]}}],"collection":[{"href":"http:\/\/baumschule-peters.com\/index.php?rest_route=\/wp\/v2\/pages"}],"about":[{"href":"http:\/\/baumschule-peters.com\/index.php?rest_route=\/wp\/v2\/types\/page"}],"author":[{"embeddable":true,"href":"http:\/\/baumschule-peters.com\/index.php?rest_route=\/wp\/v2\/users\/1"}],"replies":[{"embeddable":true,"href":"http:\/\/baumschule-peters.com\/index.php?rest_route=%2Fwp%2Fv2%2Fcomments&post=244"}],"version-history":[{"count":8,"href":"http:\/\/baumschule-peters.com\/index.php?rest_route=\/wp\/v2\/pages\/244\/revisions"}],"predecessor-version":[{"id":583,"href":"http:\/\/baumschule-peters.com\/index.php?rest_route=\/wp\/v2\/pages\/244\/revisions\/583"}],"up":[{"embeddable":true,"href":"http:\/\/baumschule-peters.com\/index.php?rest_route=\/wp\/v2\/pages\/92"}],"wp:attachment":[{"href":"http:\/\/baumschule-peters.com\/index.php?rest_route=%2Fwp%2Fv2%2Fmedia&parent=244"}],"curies":[{"name":"wp","href":"https:\/\/api.w.org\/{rel}","templated":true}]}}