{"id":213,"date":"2013-10-22T09:57:11","date_gmt":"2013-10-22T09:57:11","guid":{"rendered":"http:\/\/baumschule-peters.com\/?page_id=213"},"modified":"2018-05-01T17:05:21","modified_gmt":"2018-05-01T17:05:21","slug":"besucher","status":"publish","type":"page","link":"http:\/\/baumschule-peters.com\/?page_id=213","title":{"rendered":"Besucher"},"content":{"rendered":"<h5 style=\"text-align: center;\"><strong>Sie m\u00f6chten die Baumschule Peters kennen lernen?<\/strong><\/h5>\n<p style=\"text-align: center;\"><img loading=\"lazy\" decoding=\"async\" class=\"alignnone size-full wp-image-336\" src=\"http:\/\/baumschule-peters.com\/wp-content\/uploads\/2013\/10\/golfwagen.jpg\" alt=\"golfwagen\" width=\"650\" height=\"434\" srcset=\"http:\/\/baumschule-peters.com\/wp-content\/uploads\/2013\/10\/golfwagen.jpg 650w, http:\/\/baumschule-peters.com\/wp-content\/uploads\/2013\/10\/golfwagen-300x200.jpg 300w\" sizes=\"auto, (max-width: 650px) 100vw, 650px\" \/><\/p>\n<h5 style=\"text-align: center;\">Besuchen Sie uns&#8230;<\/h5>\n<h5 style=\"text-align: center;\"><\/h5>\n<p style=\"text-align: center;\"><img loading=\"lazy\" decoding=\"async\" class=\"wp-image-1118 size-large aligncenter\" src=\"http:\/\/baumschule-peters.com\/wp-content\/uploads\/2018\/05\/SEY6451-800x534.jpg\" alt=\"\" width=\"800\" height=\"534\" srcset=\"http:\/\/baumschule-peters.com\/wp-content\/uploads\/2018\/05\/SEY6451-400x267@2x.jpg 800w, http:\/\/baumschule-peters.com\/wp-content\/uploads\/2018\/05\/SEY6451-400x267.jpg 400w, http:\/\/baumschule-peters.com\/wp-content\/uploads\/2018\/05\/SEY6451-930x621.jpg 930w, http:\/\/baumschule-peters.com\/wp-content\/uploads\/2018\/05\/SEY6451.jpg 2000w, http:\/\/baumschule-peters.com\/wp-content\/uploads\/2018\/05\/SEY6451-800x534@2x.jpg 1600w, http:\/\/baumschule-peters.com\/wp-content\/uploads\/2018\/05\/SEY6451-930x621@2x.jpg 1860w\" sizes=\"auto, (max-width: 800px) 100vw, 800px\" \/><\/p>\n<h5 style=\"text-align: center;\">&#8230; bei einer F\u00fchrung durch die Baumschule. Sehen Sie uns \u00fcber die Schulter. Machen Sie sich ein eigenes Bild von unserer Produktion.<\/h5>\n","protected":false},"excerpt":{"rendered":"<p>Sie m\u00f6chten die Baumschule Peters kennen lernen? Besuchen Sie uns&#8230; &#8230; bei einer F\u00fchrung durch die Baumschule. Sehen Sie uns \u00fcber die Schulter. Machen Sie sich ein eigenes Bild von unserer Produktion.<\/p>\n","protected":false},"author":1,"featured_media":0,"parent":92,"menu_order":0,"comment_status":"closed","ping_status":"closed","template":"","meta":{"footnotes":""},"class_list":["post-213","page","type-page","status-publish","hentry"],"_links":{"self":[{"href":"http:\/\/baumschule-peters.com\/index.php?rest_route=\/wp\/v2\/pages\/213","targetHints":{"allow":["GET"]}}],"collection":[{"href":"http:\/\/baumschule-peters.com\/index.php?rest_route=\/wp\/v2\/pages"}],"about":[{"href":"http:\/\/baumschule-peters.com\/index.php?rest_route=\/wp\/v2\/types\/page"}],"author":[{"embeddable":true,"href":"http:\/\/baumschule-peters.com\/index.php?rest_route=\/wp\/v2\/users\/1"}],"replies":[{"embeddable":true,"href":"http:\/\/baumschule-peters.com\/index.php?rest_route=%2Fwp%2Fv2%2Fcomments&post=213"}],"version-history":[{"count":14,"href":"http:\/\/baumschule-peters.com\/index.php?rest_route=\/wp\/v2\/pages\/213\/revisions"}],"predecessor-version":[{"id":1119,"href":"http:\/\/baumschule-peters.com\/index.php?rest_route=\/wp\/v2\/pages\/213\/revisions\/1119"}],"up":[{"embeddable":true,"href":"http:\/\/baumschule-peters.com\/index.php?rest_route=\/wp\/v2\/pages\/92"}],"wp:attachment":[{"href":"http:\/\/baumschule-peters.com\/index.php?rest_route=%2Fwp%2Fv2%2Fmedia&parent=213"}],"curies":[{"name":"wp","href":"https:\/\/api.w.org\/{rel}","templated":true}]}}