{"id":211,"date":"2013-10-22T09:56:13","date_gmt":"2013-10-22T09:56:13","guid":{"rendered":"http:\/\/baumschule-peters.com\/?page_id=211"},"modified":"2015-01-22T11:30:58","modified_gmt":"2015-01-22T11:30:58","slug":"links","status":"publish","type":"page","link":"http:\/\/baumschule-peters.com\/?page_id=211","title":{"rendered":"Links"},"content":{"rendered":"<h3 style=\"text-align: center;\"><\/h3>\n<h3 style=\"text-align: center;\"><span style=\"text-align: center;\">\u00a0<\/span><\/h3>\n<h3 style=\"text-align: center;\"><a href=\"http:\/\/www.gruen-ist-leben.de\" target=\"_blank\"><span style=\"font-size: 1em; text-align: center;\">Gr\u00fcn ist Leben<\/span><\/a><\/h3>\n<p>&nbsp;<\/p>\n<h3 style=\"text-align: center;\"><a href=\"http:\/\/www.plantregio.net\" target=\"_blank\"><span style=\"font-size: 1em; text-align: center;\">Plantregio Rhein-Maas e.V.<\/span><\/a><\/h3>\n<p>&nbsp;<\/p>\n<h3 style=\"text-align: center;\"><a href=\"http:\/\/www.bgm-koeln.de\" target=\"_blank\"><span style=\"font-size: 1em; text-align: center;\">BGM K\u00f6ln<\/span><\/a><\/h3>\n<p>&nbsp;<\/p>\n<h3 style=\"text-align: center;\"><a href=\"http:\/\/www.bgm-duesseldorf.de\" target=\"_blank\"><span style=\"font-size: 1em; text-align: center;\">BGM D\u00fcsseldorf<\/span><\/a><\/h3>\n<p>&nbsp;<\/p>\n<h3 style=\"text-align: center;\"><a href=\"http:\/\/medien-presse-service.com\/\" target=\"_blank\"><span style=\"font-size: 1em; text-align: center;\">Medien &amp; \u00a0Presse Service Gerhard Seybert<\/span><\/a><\/h3>\n<p>&nbsp;<\/p>\n<h3 style=\"text-align: center;\"><a href=\"http:\/\/www.kevelaererkaffeehaus.de\" target=\"_blank\"><span style=\"font-size: 1em; text-align: center;\">Kevelaerer Kaffeehaus<\/span><\/a><\/h3>\n<p>&nbsp;<\/p>\n<p><img loading=\"lazy\" decoding=\"async\" class=\"alignnone size-medium wp-image-76\" src=\"http:\/\/baumschule-peters.com\/wp-content\/uploads\/2013\/09\/SEY_9988-300x300.jpg\" alt=\"SEY_9988\" width=\"300\" height=\"300\" srcset=\"http:\/\/baumschule-peters.com\/wp-content\/uploads\/2013\/09\/SEY_9988-300x300.jpg 300w, http:\/\/baumschule-peters.com\/wp-content\/uploads\/2013\/09\/SEY_9988-150x150.jpg 150w, http:\/\/baumschule-peters.com\/wp-content\/uploads\/2013\/09\/SEY_9988-1024x1024.jpg 1024w\" sizes=\"auto, (max-width: 300px) 100vw, 300px\" \/>\u00a0\u00a0<a href=\"http:\/\/baumschule-peters.com\/wp-content\/uploads\/2013\/09\/SEY_0207.jpg\"><img loading=\"lazy\" decoding=\"async\" class=\"alignnone size-medium wp-image-48\" src=\"http:\/\/baumschule-peters.com\/wp-content\/uploads\/2013\/09\/SEY_0207-300x300.jpg\" alt=\"SEY_0207\" width=\"300\" height=\"300\" srcset=\"http:\/\/baumschule-peters.com\/wp-content\/uploads\/2013\/09\/SEY_0207-300x300.jpg 300w, http:\/\/baumschule-peters.com\/wp-content\/uploads\/2013\/09\/SEY_0207-150x150.jpg 150w, http:\/\/baumschule-peters.com\/wp-content\/uploads\/2013\/09\/SEY_0207-1024x1024.jpg 1024w\" sizes=\"auto, (max-width: 300px) 100vw, 300px\" \/><\/a>\u00a0\u00a0<a href=\"http:\/\/baumschule-peters.com\/wp-content\/uploads\/2013\/09\/SEY_4968.jpg\"><img loading=\"lazy\" decoding=\"async\" class=\"alignnone size-medium wp-image-54\" src=\"http:\/\/baumschule-peters.com\/wp-content\/uploads\/2013\/09\/SEY_4968-300x300.jpg\" alt=\"SEY_4968\" width=\"300\" height=\"300\" srcset=\"http:\/\/baumschule-peters.com\/wp-content\/uploads\/2013\/09\/SEY_4968-300x300.jpg 300w, http:\/\/baumschule-peters.com\/wp-content\/uploads\/2013\/09\/SEY_4968-150x150.jpg 150w, http:\/\/baumschule-peters.com\/wp-content\/uploads\/2013\/09\/SEY_4968-1024x1024.jpg 1024w\" sizes=\"auto, (max-width: 300px) 100vw, 300px\" \/><\/a><\/p>\n","protected":false},"excerpt":{"rendered":"<p>\u00a0 Gr\u00fcn ist Leben &nbsp; Plantregio Rhein-Maas e.V. &nbsp; BGM K\u00f6ln &nbsp; BGM D\u00fcsseldorf &nbsp; Medien &amp; \u00a0Presse Service Gerhard Seybert &nbsp; Kevelaerer Kaffeehaus &nbsp; \u00a0\u00a0\u00a0\u00a0<\/p>\n","protected":false},"author":1,"featured_media":0,"parent":96,"menu_order":0,"comment_status":"closed","ping_status":"closed","template":"","meta":{"footnotes":""},"class_list":["post-211","page","type-page","status-publish","hentry"],"_links":{"self":[{"href":"http:\/\/baumschule-peters.com\/index.php?rest_route=\/wp\/v2\/pages\/211","targetHints":{"allow":["GET"]}}],"collection":[{"href":"http:\/\/baumschule-peters.com\/index.php?rest_route=\/wp\/v2\/pages"}],"about":[{"href":"http:\/\/baumschule-peters.com\/index.php?rest_route=\/wp\/v2\/types\/page"}],"author":[{"embeddable":true,"href":"http:\/\/baumschule-peters.com\/index.php?rest_route=\/wp\/v2\/users\/1"}],"replies":[{"embeddable":true,"href":"http:\/\/baumschule-peters.com\/index.php?rest_route=%2Fwp%2Fv2%2Fcomments&post=211"}],"version-history":[{"count":17,"href":"http:\/\/baumschule-peters.com\/index.php?rest_route=\/wp\/v2\/pages\/211\/revisions"}],"predecessor-version":[{"id":556,"href":"http:\/\/baumschule-peters.com\/index.php?rest_route=\/wp\/v2\/pages\/211\/revisions\/556"}],"up":[{"embeddable":true,"href":"http:\/\/baumschule-peters.com\/index.php?rest_route=\/wp\/v2\/pages\/96"}],"wp:attachment":[{"href":"http:\/\/baumschule-peters.com\/index.php?rest_route=%2Fwp%2Fv2%2Fmedia&parent=211"}],"curies":[{"name":"wp","href":"https:\/\/api.w.org\/{rel}","templated":true}]}}