{"id":177,"date":"2013-09-05T05:49:41","date_gmt":"2013-09-05T05:49:41","guid":{"rendered":"http:\/\/baumschule-peters.com\/?page_id=177"},"modified":"2015-08-25T16:18:03","modified_gmt":"2015-08-25T16:18:03","slug":"impressum","status":"publish","type":"page","link":"http:\/\/baumschule-peters.com\/?page_id=177","title":{"rendered":"Impressum"},"content":{"rendered":"<p>Verantwortlich f\u00fcr den Inhalt der Seiten unter der Internetadresse<br \/>\nwww.baumschule-peters.de:<\/p>\n<p>Michael Peters<br \/>\nGelderner Stra\u00dfe 372<br \/>\n47623 Kevelaer<\/p>\n<table cellspacing=\"0\" cellpadding=\"1\">\n<tbody>\n<tr>\n<td>Tel.:<\/td>\n<td><\/td>\n<td>02832 38 39<\/td>\n<\/tr>\n<tr>\n<td>Fax:<\/td>\n<td><\/td>\n<td>02832 40 182<\/td>\n<\/tr>\n<\/tbody>\n<\/table>\n<table cellspacing=\"0\" cellpadding=\"0\" align=\"left\">\n<tbody>\n<tr>\n<td>email:<\/td>\n<td><\/td>\n<td>info<\/td>\n<td>@<\/td>\n<td>baumschule-peters<\/td>\n<td>.<\/td>\n<td>de<\/td>\n<\/tr>\n<\/tbody>\n<\/table>\n<p>&nbsp;<\/p>\n<p>Baumschule Michael Peters<\/p>\n<p>Inhaber:<br \/>\nMichael Peters<br \/>\nGelderner Str. 372<br \/>\n47623 Kevelaer<br \/>\nTel.: 02832 3839<\/p>\n<p>USt.IdNr.: DE 295 350 897<\/p>\n<p><b>Haftungshinweis:<\/b>\u00a0Trotz sorgf\u00e4ltiger inhaltlicher Kontrolle \u00fcbernehmen wir keine Haftung f\u00fcr die Inhalte externer Links. F\u00fcr den Inhalt der verlinkten Seiten sind ausschlie\u00dflich deren Betreiber verantwortlich.<\/p>\n<p>Alle Rechte vorbehalten,\u00a0<b>\u00a9 Baumschule Michael Peters<\/b>. Die Nutzung von Texten und Bildern dieser Seiten ist nur mit ausdr\u00fccklicher Genehmigung erlaubt.<\/p>\n","protected":false},"excerpt":{"rendered":"<p>Verantwortlich f\u00fcr den Inhalt der Seiten unter der Internetadresse www.baumschule-peters.de: Michael Peters Gelderner Stra\u00dfe 372 47623 Kevelaer Tel.: 02832 38 39 Fax: 02832 40 182 email: info @ baumschule-peters . de &nbsp; Baumschule Michael Peters Inhaber: Michael Peters Gelderner Str. 372 47623 Kevelaer Tel.: 02832 3839 USt.IdNr.: DE 295 350 897 Haftungshinweis:\u00a0Trotz sorgf\u00e4ltiger inhaltlicher Kontrolle [&hellip;]<\/p>\n","protected":false},"author":1,"featured_media":0,"parent":98,"menu_order":0,"comment_status":"closed","ping_status":"closed","template":"","meta":{"footnotes":""},"class_list":["post-177","page","type-page","status-publish","hentry"],"_links":{"self":[{"href":"http:\/\/baumschule-peters.com\/index.php?rest_route=\/wp\/v2\/pages\/177","targetHints":{"allow":["GET"]}}],"collection":[{"href":"http:\/\/baumschule-peters.com\/index.php?rest_route=\/wp\/v2\/pages"}],"about":[{"href":"http:\/\/baumschule-peters.com\/index.php?rest_route=\/wp\/v2\/types\/page"}],"author":[{"embeddable":true,"href":"http:\/\/baumschule-peters.com\/index.php?rest_route=\/wp\/v2\/users\/1"}],"replies":[{"embeddable":true,"href":"http:\/\/baumschule-peters.com\/index.php?rest_route=%2Fwp%2Fv2%2Fcomments&post=177"}],"version-history":[{"count":11,"href":"http:\/\/baumschule-peters.com\/index.php?rest_route=\/wp\/v2\/pages\/177\/revisions"}],"predecessor-version":[{"id":651,"href":"http:\/\/baumschule-peters.com\/index.php?rest_route=\/wp\/v2\/pages\/177\/revisions\/651"}],"up":[{"embeddable":true,"href":"http:\/\/baumschule-peters.com\/index.php?rest_route=\/wp\/v2\/pages\/98"}],"wp:attachment":[{"href":"http:\/\/baumschule-peters.com\/index.php?rest_route=%2Fwp%2Fv2%2Fmedia&parent=177"}],"curies":[{"name":"wp","href":"https:\/\/api.w.org\/{rel}","templated":true}]}}