{"id":1581,"date":"2021-03-02T13:09:14","date_gmt":"2021-03-02T13:09:14","guid":{"rendered":"http:\/\/baumschule-peters.com\/?page_id=1581"},"modified":"2026-04-08T13:00:00","modified_gmt":"2026-04-08T13:00:00","slug":"stellenangebote","status":"publish","type":"page","link":"http:\/\/baumschule-peters.com\/?page_id=1581","title":{"rendered":"Stellenangebote"},"content":{"rendered":"\n<p>Verk\u00e4ufer m\/w\/d gesucht <\/p>\n\n\n\n<p>Blumengro\u00dfmarkt D\u00fcsseldorf <\/p>\n\n\n\n<figure class=\"wp-block-image size-large\"><img loading=\"lazy\" decoding=\"async\" width=\"709\" height=\"315\" src=\"http:\/\/baumschule-peters.com\/wp-content\/uploads\/2021\/06\/Peters-Baumschule-Inserat_-002.jpeg\" alt=\"\" class=\"wp-image-1604\" srcset=\"http:\/\/baumschule-peters.com\/wp-content\/uploads\/2021\/06\/Peters-Baumschule-Inserat_-002.jpeg 709w, http:\/\/baumschule-peters.com\/wp-content\/uploads\/2021\/06\/Peters-Baumschule-Inserat_-002-400x178.jpeg 400w\" sizes=\"auto, (max-width: 709px) 100vw, 709px\" \/><\/figure>\n\n\n\n<p>Zur Verst\u00e4rkung unseres Teams suchen wir ab sofort einen freundlichen und zuverl\u00e4ssigen Verk\u00e4ufer (m\/w\/d). <\/p>\n\n\n\n<p>Arbeitszeiten: <\/p>\n\n\n\n<p>Montag bis Freitag 5:00-9:00 Uhr <\/p>\n\n\n\n<p>Aufgaben: <\/p>\n\n\n\n<p>Verkauf von Pflanzen und B\u00e4umen an Gesch\u00e4ftskunden<\/p>\n\n\n\n<p>Pr\u00e4sentation und Pflege der Ware<\/p>\n\n\n\n<p>Kassiert\u00e4tigkeiten <\/p>\n\n\n\n<p>Auch Quereinsteiger sind herzlich willkommen ! <\/p>\n\n\n\n<p>Interesse geweckt?<\/p>\n\n\n\n<p>Dann freuen wir uns auf Ihre Bewerbung! <\/p>\n\n\n\n<p>Diese kann schriftlich erfolgen oder auch gerne in einem pers\u00f6nlichen Gespr\u00e4che Handy: 0171 9787 621 <\/p>\n\n\n\n<p>Wir versichern Dir, dass wir Deine Bewerbung verantwortungsvoll behandeln werden und stehen bei weiteren R\u00fcckfragen gerne zur Verf\u00fcgung.<\/p>\n\n\n\n<p>Michael Peters <\/p>\n\n\n\n<p><\/p>\n\n\n\n<p>Telefon: 02832 -3839<\/p>\n\n\n\n<p>E-Mail: info@baumschule-peters.de<\/p>\n\n\n\n<p>Baumschule Peters<\/p>\n\n\n\n<p>Gelderner Str. 372<\/p>\n\n\n\n<p>47623 Kevelaer<\/p>\n\n\n\n<p><\/p>\n","protected":false},"excerpt":{"rendered":"<p>Verk\u00e4ufer m\/w\/d gesucht Blumengro\u00dfmarkt D\u00fcsseldorf Zur Verst\u00e4rkung unseres Teams suchen wir ab sofort einen freundlichen und zuverl\u00e4ssigen Verk\u00e4ufer (m\/w\/d). Arbeitszeiten: Montag bis Freitag 5:00-9:00 Uhr Aufgaben: Verkauf von Pflanzen und B\u00e4umen an Gesch\u00e4ftskunden Pr\u00e4sentation und Pflege der Ware Kassiert\u00e4tigkeiten Auch Quereinsteiger sind herzlich willkommen ! Interesse geweckt? Dann freuen wir uns auf Ihre Bewerbung! Diese [&hellip;]<\/p>\n","protected":false},"author":1,"featured_media":1598,"parent":0,"menu_order":0,"comment_status":"closed","ping_status":"closed","template":"","meta":{"footnotes":""},"class_list":["post-1581","page","type-page","status-publish","has-post-thumbnail","hentry"],"_links":{"self":[{"href":"http:\/\/baumschule-peters.com\/index.php?rest_route=\/wp\/v2\/pages\/1581","targetHints":{"allow":["GET"]}}],"collection":[{"href":"http:\/\/baumschule-peters.com\/index.php?rest_route=\/wp\/v2\/pages"}],"about":[{"href":"http:\/\/baumschule-peters.com\/index.php?rest_route=\/wp\/v2\/types\/page"}],"author":[{"embeddable":true,"href":"http:\/\/baumschule-peters.com\/index.php?rest_route=\/wp\/v2\/users\/1"}],"replies":[{"embeddable":true,"href":"http:\/\/baumschule-peters.com\/index.php?rest_route=%2Fwp%2Fv2%2Fcomments&post=1581"}],"version-history":[{"count":14,"href":"http:\/\/baumschule-peters.com\/index.php?rest_route=\/wp\/v2\/pages\/1581\/revisions"}],"predecessor-version":[{"id":1918,"href":"http:\/\/baumschule-peters.com\/index.php?rest_route=\/wp\/v2\/pages\/1581\/revisions\/1918"}],"wp:featuredmedia":[{"embeddable":true,"href":"http:\/\/baumschule-peters.com\/index.php?rest_route=\/wp\/v2\/media\/1598"}],"wp:attachment":[{"href":"http:\/\/baumschule-peters.com\/index.php?rest_route=%2Fwp%2Fv2%2Fmedia&parent=1581"}],"curies":[{"name":"wp","href":"https:\/\/api.w.org\/{rel}","templated":true}]}}